{"id":1017,"date":"2022-12-05T17:24:43","date_gmt":"2022-12-05T16:24:43","guid":{"rendered":"https:\/\/plhlagence.fr\/?page_id=1017"},"modified":"2022-12-05T17:25:49","modified_gmt":"2022-12-05T16:25:49","slug":"mentions-legales","status":"publish","type":"page","link":"https:\/\/plhlagence.fr\/index.php\/mentions-legales\/","title":{"rendered":"Mentions l\u00e9gales"},"content":{"rendered":"\n<h3 class=\"wp-block-heading\">INFO \u00c9DITEUR<\/h3>\n\n\n\n<p>Num\u00e9ro de Siret : 404197626<\/p>\n\n\n\n<p>Directeur de publication :&nbsp;Pierre Lahillonne<\/p>\n\n\n\n<p>Adresse :&nbsp;<a href=\"https:\/\/plhconseil.com\/contact-2\/#\">Cit\u00e9 Multim\u00e9dia, 2 Rue Thomas Edison, B\u00e2timent A, 64000 Pau<\/a><\/p>\n\n\n\n<h3 class=\"wp-block-heading\">CR\u00c9DITS<\/h3>\n\n\n\n<p>Conception du site et r\u00e9alisation :&nbsp;SCRIBE<\/p>\n\n\n\n<p>H\u00e9bergement :&nbsp;OVH<\/p>\n\n\n\n<h3 class=\"wp-block-heading\">INFORMATIONS PERSONNELLES<\/h3>\n\n\n\n<p>Aucune information personnelle n\u2019est collect\u00e9e \u00e0 votre insu.&nbsp;Aucune information personnelle n\u2019est c\u00e9d\u00e9e \u00e0 des&nbsp;tiers&nbsp;. N\u00e9anmoins, nous nous r\u00e9servons le droit de divulguer des informations personnelles si la loi l\u2019exige ou si une action est n\u00e9cessaire pour le traitement des r\u00e9clamations.<\/p>\n\n\n\n<p>\u00c9tant donn\u00e9 que les formulaires en ligne sont toujours remplis volontairement, vous \u00eates libre de refuser de remplir un formulaire en ligne. Cependant, si vous choisissez de ne pas le\/les remplir, certains services ne pourront vous \u00eatre fournis.<\/p>\n\n\n\n<h3 class=\"wp-block-heading\">DROIT D\u2019ACC\u00c8S<\/h3>\n\n\n\n<p>Conform\u00e9ment \u00e0 la Loi du 6 janvier 1978 relative \u00e0 l\u2019informatique, aux fichiers et aux libert\u00e9s, vous disposez d\u2019un droit d\u2019acc\u00e8s et de rectification aux donn\u00e9es personnelles vous concernant.<\/p>\n\n\n\n<p>Si vous voulez exercer ce droit, il vous suffit de nous \u00e9crire \u00e0 plahillonne@plhconseil.com<\/p>\n\n\n\n<p>En conformit\u00e9 avec nos principes, ces donn\u00e9es ne sont jamais c\u00e9d\u00e9es \u00e0 des tiers pour des raisons commerciales ou marketing. L\u2019Editeur s\u2019engage contractuellement \u00e0 assurer la plus stricte confidentialit\u00e9 des donn\u00e9es ainsi confi\u00e9es, sauf injonction judiciaire.&nbsp;<\/p>\n\n\n\n<h3 class=\"wp-block-heading\">&nbsp;LISTE DE DIFFUSION<\/h3>\n\n\n\n<p>Les adresses \u00e9lectroniques recueillies dans le cadre de la liste de diffusion ne sont utilis\u00e9es que pour l\u2019envoi d\u2019alertes ponctuelles<\/p>\n","protected":false},"excerpt":{"rendered":"<p>INFO \u00c9DITEUR Num\u00e9ro de Siret : 404197626 Directeur de publication :&nbsp;Pierre Lahillonne Adresse :&nbsp;Cit\u00e9 Multim\u00e9dia, 2 Rue Thomas Edison, B\u00e2timent A, 64000 Pau CR\u00c9DITS Conception du site et r\u00e9alisation :&nbsp;SCRIBE H\u00e9bergement :&nbsp;OVH INFORMATIONS PERSONNELLES Aucune information personnelle n\u2019est collect\u00e9e \u00e0 votre insu.&nbsp;Aucune information personnelle n\u2019est c\u00e9d\u00e9e \u00e0 des&nbsp;tiers&nbsp;. N\u00e9anmoins, nous nous r\u00e9servons le droit de &hellip;<\/p>\n<p class=\"read-more\"> <a class=\"\" href=\"https:\/\/plhlagence.fr\/index.php\/mentions-legales\/\"> <span class=\"screen-reader-text\">Mentions l\u00e9gales<\/span> Lire la suite\u00a0\u00bb<\/a><\/p>\n","protected":false},"author":1,"featured_media":0,"parent":0,"menu_order":0,"comment_status":"closed","ping_status":"open","template":"","meta":{"site-sidebar-layout":"default","site-content-layout":"","ast-site-content-layout":"","site-content-style":"default","site-sidebar-style":"default","ast-global-header-display":"","ast-banner-title-visibility":"","ast-main-header-display":"","ast-hfb-above-header-display":"","ast-hfb-below-header-display":"","ast-hfb-mobile-header-display":"","site-post-title":"","ast-breadcrumbs-content":"","ast-featured-img":"","footer-sml-layout":"","theme-transparent-header-meta":"","adv-header-id-meta":"","stick-header-meta":"","header-above-stick-meta":"","header-main-stick-meta":"","header-below-stick-meta":"","astra-migrate-meta-layouts":"","ast-page-background-enabled":"default","ast-page-background-meta":{"desktop":{"background-color":"","background-image":"","background-repeat":"repeat","background-position":"center center","background-size":"auto","background-attachment":"scroll","background-type":"","background-media":"","overlay-type":"","overlay-color":"","overlay-gradient":""},"tablet":{"background-color":"","background-image":"","background-repeat":"repeat","background-position":"center center","background-size":"auto","background-attachment":"scroll","background-type":"","background-media":"","overlay-type":"","overlay-color":"","overlay-gradient":""},"mobile":{"background-color":"","background-image":"","background-repeat":"repeat","background-position":"center center","background-size":"auto","background-attachment":"scroll","background-type":"","background-media":"","overlay-type":"","overlay-color":"","overlay-gradient":""}},"ast-content-background-meta":{"desktop":{"background-color":"var(--ast-global-color-5)","background-image":"","background-repeat":"repeat","background-position":"center center","background-size":"auto","background-attachment":"scroll","background-type":"","background-media":"","overlay-type":"","overlay-color":"","overlay-gradient":""},"tablet":{"background-color":"var(--ast-global-color-5)","background-image":"","background-repeat":"repeat","background-position":"center center","background-size":"auto","background-attachment":"scroll","background-type":"","background-media":"","overlay-type":"","overlay-color":"","overlay-gradient":""},"mobile":{"background-color":"var(--ast-global-color-5)","background-image":"","background-repeat":"repeat","background-position":"center center","background-size":"auto","background-attachment":"scroll","background-type":"","background-media":"","overlay-type":"","overlay-color":"","overlay-gradient":""}},"footnotes":""},"class_list":["post-1017","page","type-page","status-publish","hentry"],"yoast_head":"<!-- This site is optimized with the Yoast SEO plugin v27.5 - https:\/\/yoast.com\/product\/yoast-seo-wordpress\/ -->\n<title>Mentions l\u00e9gales - PLH l&#039;Agence<\/title>\n<meta name=\"robots\" content=\"index, follow, max-snippet:-1, max-image-preview:large, max-video-preview:-1\" \/>\n<link rel=\"canonical\" href=\"https:\/\/plhlagence.fr\/index.php\/mentions-legales\/\" \/>\n<meta property=\"og:locale\" content=\"fr_FR\" \/>\n<meta property=\"og:type\" content=\"article\" \/>\n<meta property=\"og:title\" content=\"Mentions l\u00e9gales - PLH l&#039;Agence\" \/>\n<meta property=\"og:description\" content=\"INFO \u00c9DITEUR Num\u00e9ro de Siret : 404197626 Directeur de publication :&nbsp;Pierre Lahillonne Adresse :&nbsp;Cit\u00e9 Multim\u00e9dia, 2 Rue Thomas Edison, B\u00e2timent A, 64000 Pau CR\u00c9DITS Conception du site et r\u00e9alisation :&nbsp;SCRIBE H\u00e9bergement :&nbsp;OVH INFORMATIONS PERSONNELLES Aucune information personnelle n\u2019est collect\u00e9e \u00e0 votre insu.&nbsp;Aucune information personnelle n\u2019est c\u00e9d\u00e9e \u00e0 des&nbsp;tiers&nbsp;. N\u00e9anmoins, nous nous r\u00e9servons le droit de &hellip; Mentions l\u00e9gales Lire la suite\u00a0\u00bb\" \/>\n<meta property=\"og:url\" content=\"https:\/\/plhlagence.fr\/index.php\/mentions-legales\/\" \/>\n<meta property=\"og:site_name\" content=\"PLH l&#039;Agence\" \/>\n<meta property=\"article:modified_time\" content=\"2022-12-05T16:25:49+00:00\" \/>\n<meta name=\"twitter:card\" content=\"summary_large_image\" \/>\n<meta name=\"twitter:label1\" content=\"Dur\u00e9e de lecture estim\u00e9e\" \/>\n\t<meta name=\"twitter:data1\" content=\"2 minutes\" \/>\n<script type=\"application\/ld+json\" class=\"yoast-schema-graph\">{\"@context\":\"https:\\\/\\\/schema.org\",\"@graph\":[{\"@type\":\"WebPage\",\"@id\":\"https:\\\/\\\/plhlagence.fr\\\/index.php\\\/mentions-legales\\\/\",\"url\":\"https:\\\/\\\/plhlagence.fr\\\/index.php\\\/mentions-legales\\\/\",\"name\":\"Mentions l\u00e9gales - PLH l&#039;Agence\",\"isPartOf\":{\"@id\":\"https:\\\/\\\/plhlagence.fr\\\/#website\"},\"datePublished\":\"2022-12-05T16:24:43+00:00\",\"dateModified\":\"2022-12-05T16:25:49+00:00\",\"breadcrumb\":{\"@id\":\"https:\\\/\\\/plhlagence.fr\\\/index.php\\\/mentions-legales\\\/#breadcrumb\"},\"inLanguage\":\"fr-FR\",\"potentialAction\":[{\"@type\":\"ReadAction\",\"target\":[\"https:\\\/\\\/plhlagence.fr\\\/index.php\\\/mentions-legales\\\/\"]}]},{\"@type\":\"BreadcrumbList\",\"@id\":\"https:\\\/\\\/plhlagence.fr\\\/index.php\\\/mentions-legales\\\/#breadcrumb\",\"itemListElement\":[{\"@type\":\"ListItem\",\"position\":1,\"name\":\"Accueil\",\"item\":\"https:\\\/\\\/plhlagence.fr\\\/\"},{\"@type\":\"ListItem\",\"position\":2,\"name\":\"Mentions l\u00e9gales\"}]},{\"@type\":\"WebSite\",\"@id\":\"https:\\\/\\\/plhlagence.fr\\\/#website\",\"url\":\"https:\\\/\\\/plhlagence.fr\\\/\",\"name\":\"PLH l&#039;Agence\",\"description\":\"Agence Immobili\u00e8re \u00e0 Toulouse et Pau\",\"publisher\":{\"@id\":\"https:\\\/\\\/plhlagence.fr\\\/#organization\"},\"potentialAction\":[{\"@type\":\"SearchAction\",\"target\":{\"@type\":\"EntryPoint\",\"urlTemplate\":\"https:\\\/\\\/plhlagence.fr\\\/?s={search_term_string}\"},\"query-input\":{\"@type\":\"PropertyValueSpecification\",\"valueRequired\":true,\"valueName\":\"search_term_string\"}}],\"inLanguage\":\"fr-FR\"},{\"@type\":\"Organization\",\"@id\":\"https:\\\/\\\/plhlagence.fr\\\/#organization\",\"name\":\"PLH l&#039;Agence\",\"url\":\"https:\\\/\\\/plhlagence.fr\\\/\",\"logo\":{\"@type\":\"ImageObject\",\"inLanguage\":\"fr-FR\",\"@id\":\"https:\\\/\\\/plhlagence.fr\\\/#\\\/schema\\\/logo\\\/image\\\/\",\"url\":\"https:\\\/\\\/plhlagence.fr\\\/wp-content\\\/uploads\\\/2022\\\/11\\\/LOGO-PLH-IMMO-CMJN-2-01.png\",\"contentUrl\":\"https:\\\/\\\/plhlagence.fr\\\/wp-content\\\/uploads\\\/2022\\\/11\\\/LOGO-PLH-IMMO-CMJN-2-01.png\",\"width\":2127,\"height\":2127,\"caption\":\"PLH l&#039;Agence\"},\"image\":{\"@id\":\"https:\\\/\\\/plhlagence.fr\\\/#\\\/schema\\\/logo\\\/image\\\/\"}}]}<\/script>\n<!-- \/ Yoast SEO plugin. -->","yoast_head_json":{"title":"Mentions l\u00e9gales - PLH l&#039;Agence","robots":{"index":"index","follow":"follow","max-snippet":"max-snippet:-1","max-image-preview":"max-image-preview:large","max-video-preview":"max-video-preview:-1"},"canonical":"https:\/\/plhlagence.fr\/index.php\/mentions-legales\/","og_locale":"fr_FR","og_type":"article","og_title":"Mentions l\u00e9gales - PLH l&#039;Agence","og_description":"INFO \u00c9DITEUR Num\u00e9ro de Siret : 404197626 Directeur de publication :&nbsp;Pierre Lahillonne Adresse :&nbsp;Cit\u00e9 Multim\u00e9dia, 2 Rue Thomas Edison, B\u00e2timent A, 64000 Pau CR\u00c9DITS Conception du site et r\u00e9alisation :&nbsp;SCRIBE H\u00e9bergement :&nbsp;OVH INFORMATIONS PERSONNELLES Aucune information personnelle n\u2019est collect\u00e9e \u00e0 votre insu.&nbsp;Aucune information personnelle n\u2019est c\u00e9d\u00e9e \u00e0 des&nbsp;tiers&nbsp;. N\u00e9anmoins, nous nous r\u00e9servons le droit de &hellip; Mentions l\u00e9gales Lire la suite\u00a0\u00bb","og_url":"https:\/\/plhlagence.fr\/index.php\/mentions-legales\/","og_site_name":"PLH l&#039;Agence","article_modified_time":"2022-12-05T16:25:49+00:00","twitter_card":"summary_large_image","twitter_misc":{"Dur\u00e9e de lecture estim\u00e9e":"2 minutes"},"schema":{"@context":"https:\/\/schema.org","@graph":[{"@type":"WebPage","@id":"https:\/\/plhlagence.fr\/index.php\/mentions-legales\/","url":"https:\/\/plhlagence.fr\/index.php\/mentions-legales\/","name":"Mentions l\u00e9gales - PLH l&#039;Agence","isPartOf":{"@id":"https:\/\/plhlagence.fr\/#website"},"datePublished":"2022-12-05T16:24:43+00:00","dateModified":"2022-12-05T16:25:49+00:00","breadcrumb":{"@id":"https:\/\/plhlagence.fr\/index.php\/mentions-legales\/#breadcrumb"},"inLanguage":"fr-FR","potentialAction":[{"@type":"ReadAction","target":["https:\/\/plhlagence.fr\/index.php\/mentions-legales\/"]}]},{"@type":"BreadcrumbList","@id":"https:\/\/plhlagence.fr\/index.php\/mentions-legales\/#breadcrumb","itemListElement":[{"@type":"ListItem","position":1,"name":"Accueil","item":"https:\/\/plhlagence.fr\/"},{"@type":"ListItem","position":2,"name":"Mentions l\u00e9gales"}]},{"@type":"WebSite","@id":"https:\/\/plhlagence.fr\/#website","url":"https:\/\/plhlagence.fr\/","name":"PLH l&#039;Agence","description":"Agence Immobili\u00e8re \u00e0 Toulouse et Pau","publisher":{"@id":"https:\/\/plhlagence.fr\/#organization"},"potentialAction":[{"@type":"SearchAction","target":{"@type":"EntryPoint","urlTemplate":"https:\/\/plhlagence.fr\/?s={search_term_string}"},"query-input":{"@type":"PropertyValueSpecification","valueRequired":true,"valueName":"search_term_string"}}],"inLanguage":"fr-FR"},{"@type":"Organization","@id":"https:\/\/plhlagence.fr\/#organization","name":"PLH l&#039;Agence","url":"https:\/\/plhlagence.fr\/","logo":{"@type":"ImageObject","inLanguage":"fr-FR","@id":"https:\/\/plhlagence.fr\/#\/schema\/logo\/image\/","url":"https:\/\/plhlagence.fr\/wp-content\/uploads\/2022\/11\/LOGO-PLH-IMMO-CMJN-2-01.png","contentUrl":"https:\/\/plhlagence.fr\/wp-content\/uploads\/2022\/11\/LOGO-PLH-IMMO-CMJN-2-01.png","width":2127,"height":2127,"caption":"PLH l&#039;Agence"},"image":{"@id":"https:\/\/plhlagence.fr\/#\/schema\/logo\/image\/"}}]}},"_links":{"self":[{"href":"https:\/\/plhlagence.fr\/index.php\/wp-json\/wp\/v2\/pages\/1017","targetHints":{"allow":["GET"]}}],"collection":[{"href":"https:\/\/plhlagence.fr\/index.php\/wp-json\/wp\/v2\/pages"}],"about":[{"href":"https:\/\/plhlagence.fr\/index.php\/wp-json\/wp\/v2\/types\/page"}],"author":[{"embeddable":true,"href":"https:\/\/plhlagence.fr\/index.php\/wp-json\/wp\/v2\/users\/1"}],"replies":[{"embeddable":true,"href":"https:\/\/plhlagence.fr\/index.php\/wp-json\/wp\/v2\/comments?post=1017"}],"version-history":[{"count":0,"href":"https:\/\/plhlagence.fr\/index.php\/wp-json\/wp\/v2\/pages\/1017\/revisions"}],"wp:attachment":[{"href":"https:\/\/plhlagence.fr\/index.php\/wp-json\/wp\/v2\/media?parent=1017"}],"curies":[{"name":"wp","href":"https:\/\/api.w.org\/{rel}","templated":true}]}}