{"id":649,"date":"2022-11-29T11:33:06","date_gmt":"2022-11-29T10:33:06","guid":{"rendered":"https:\/\/plhlagence.fr\/?page_id=649"},"modified":"2022-11-29T12:16:23","modified_gmt":"2022-11-29T11:16:23","slug":"vente-biens-immobiliers-toulouse-pau-neufs-et-anciens","status":"publish","type":"page","link":"https:\/\/plhlagence.fr\/index.php\/vente-biens-immobiliers-toulouse-pau-neufs-et-anciens\/","title":{"rendered":"Vente"},"content":{"rendered":"\t\t<div data-elementor-type=\"wp-post\" data-elementor-id=\"649\" class=\"elementor elementor-649\" data-elementor-post-type=\"page\">\n\t\t\t\t\t\t\t\t\t<section class=\"elementor-section elementor-top-section elementor-element elementor-element-5b0ea41 elementor-section-content-middle elementor-reverse-tablet elementor-reverse-mobile elementor-section-boxed elementor-section-height-default elementor-section-height-default\" data-id=\"5b0ea41\" data-element_type=\"section\" data-settings=\"{&quot;background_background&quot;:&quot;classic&quot;}\">\n\t\t\t\t\t\t\t<div class=\"elementor-background-overlay\"><\/div>\n\t\t\t\t\t\t\t<div class=\"elementor-container elementor-column-gap-no\">\n\t\t\t\t\t<div class=\"elementor-column elementor-col-100 elementor-top-column elementor-element elementor-element-dee02c4\" data-id=\"dee02c4\" data-element_type=\"column\">\n\t\t\t<div class=\"elementor-widget-wrap elementor-element-populated\">\n\t\t\t\t\t\t\t\t<div class=\"elementor-element elementor-element-d6eb20a elementor-widget elementor-widget-heading\" data-id=\"d6eb20a\" data-element_type=\"widget\" data-widget_type=\"heading.default\">\n\t\t\t\t<div class=\"elementor-widget-container\">\n\t\t\t<style>\/*! elementor - v3.18.0 - 04-12-2023 *\/\n.elementor-heading-title{padding:0;margin:0;line-height:1}.elementor-widget-heading .elementor-heading-title[class*=elementor-size-]>a{color:inherit;font-size:inherit;line-height:inherit}.elementor-widget-heading .elementor-heading-title.elementor-size-small{font-size:15px}.elementor-widget-heading .elementor-heading-title.elementor-size-medium{font-size:19px}.elementor-widget-heading .elementor-heading-title.elementor-size-large{font-size:29px}.elementor-widget-heading .elementor-heading-title.elementor-size-xl{font-size:39px}.elementor-widget-heading .elementor-heading-title.elementor-size-xxl{font-size:59px}<\/style><h2 class=\"elementor-heading-title elementor-size-default\">Biens \u00e0 la vente<\/h2>\t\t<\/div>\n\t\t\t\t<\/div>\n\t\t\t\t<div class=\"elementor-element elementor-element-02e7da1 elementor-widget-divider--view-line elementor-widget elementor-widget-divider\" data-id=\"02e7da1\" data-element_type=\"widget\" data-widget_type=\"divider.default\">\n\t\t\t\t<div class=\"elementor-widget-container\">\n\t\t\t<style>\/*! elementor - v3.18.0 - 04-12-2023 *\/\n.elementor-widget-divider{--divider-border-style:none;--divider-border-width:1px;--divider-color:#0c0d0e;--divider-icon-size:20px;--divider-element-spacing:10px;--divider-pattern-height:24px;--divider-pattern-size:20px;--divider-pattern-url:none;--divider-pattern-repeat:repeat-x}.elementor-widget-divider .elementor-divider{display:flex}.elementor-widget-divider .elementor-divider__text{font-size:15px;line-height:1;max-width:95%}.elementor-widget-divider .elementor-divider__element{margin:0 var(--divider-element-spacing);flex-shrink:0}.elementor-widget-divider .elementor-icon{font-size:var(--divider-icon-size)}.elementor-widget-divider .elementor-divider-separator{display:flex;margin:0;direction:ltr}.elementor-widget-divider--view-line_icon .elementor-divider-separator,.elementor-widget-divider--view-line_text .elementor-divider-separator{align-items:center}.elementor-widget-divider--view-line_icon .elementor-divider-separator:after,.elementor-widget-divider--view-line_icon .elementor-divider-separator:before,.elementor-widget-divider--view-line_text .elementor-divider-separator:after,.elementor-widget-divider--view-line_text .elementor-divider-separator:before{display:block;content:\"\";border-bottom:0;flex-grow:1;border-top:var(--divider-border-width) var(--divider-border-style) var(--divider-color)}.elementor-widget-divider--element-align-left .elementor-divider .elementor-divider-separator>.elementor-divider__svg:first-of-type{flex-grow:0;flex-shrink:100}.elementor-widget-divider--element-align-left .elementor-divider-separator:before{content:none}.elementor-widget-divider--element-align-left .elementor-divider__element{margin-left:0}.elementor-widget-divider--element-align-right .elementor-divider .elementor-divider-separator>.elementor-divider__svg:last-of-type{flex-grow:0;flex-shrink:100}.elementor-widget-divider--element-align-right .elementor-divider-separator:after{content:none}.elementor-widget-divider--element-align-right .elementor-divider__element{margin-right:0}.elementor-widget-divider:not(.elementor-widget-divider--view-line_text):not(.elementor-widget-divider--view-line_icon) .elementor-divider-separator{border-top:var(--divider-border-width) var(--divider-border-style) var(--divider-color)}.elementor-widget-divider--separator-type-pattern{--divider-border-style:none}.elementor-widget-divider--separator-type-pattern.elementor-widget-divider--view-line .elementor-divider-separator,.elementor-widget-divider--separator-type-pattern:not(.elementor-widget-divider--view-line) .elementor-divider-separator:after,.elementor-widget-divider--separator-type-pattern:not(.elementor-widget-divider--view-line) .elementor-divider-separator:before,.elementor-widget-divider--separator-type-pattern:not([class*=elementor-widget-divider--view]) .elementor-divider-separator{width:100%;min-height:var(--divider-pattern-height);-webkit-mask-size:var(--divider-pattern-size) 100%;mask-size:var(--divider-pattern-size) 100%;-webkit-mask-repeat:var(--divider-pattern-repeat);mask-repeat:var(--divider-pattern-repeat);background-color:var(--divider-color);-webkit-mask-image:var(--divider-pattern-url);mask-image:var(--divider-pattern-url)}.elementor-widget-divider--no-spacing{--divider-pattern-size:auto}.elementor-widget-divider--bg-round{--divider-pattern-repeat:round}.rtl .elementor-widget-divider .elementor-divider__text{direction:rtl}.e-con-inner>.elementor-widget-divider,.e-con>.elementor-widget-divider{width:var(--container-widget-width,100%);--flex-grow:var(--container-widget-flex-grow)}<\/style>\t\t<div class=\"elementor-divider\">\n\t\t\t<span class=\"elementor-divider-separator\">\n\t\t\t\t\t\t<\/span>\n\t\t<\/div>\n\t\t\t\t<\/div>\n\t\t\t\t<\/div>\n\t\t\t\t\t<\/div>\n\t\t<\/div>\n\t\t\t\t\t\t\t<\/div>\n\t\t<\/section>\n\t\t\t\t<section class=\"elementor-section elementor-top-section elementor-element elementor-element-11f2b7c elementor-section-content-top elementor-section-full_width elementor-section-height-default elementor-section-height-default\" data-id=\"11f2b7c\" data-element_type=\"section\" data-settings=\"{&quot;background_background&quot;:&quot;classic&quot;}\">\n\t\t\t\t\t\t<div class=\"elementor-container elementor-column-gap-no\">\n\t\t\t\t\t<div class=\"elementor-column elementor-col-100 elementor-top-column elementor-element elementor-element-b33b464\" data-id=\"b33b464\" data-element_type=\"column\">\n\t\t\t<div class=\"elementor-widget-wrap elementor-element-populated\">\n\t\t\t\t\t\t\t\t<div class=\"elementor-element elementor-element-c445b2c elementor-widget elementor-widget-heading\" data-id=\"c445b2c\" data-element_type=\"widget\" data-widget_type=\"heading.default\">\n\t\t\t\t<div class=\"elementor-widget-container\">\n\t\t\t<h6 class=\"elementor-heading-title elementor-size-default\">Nos biens \u00e0 la vente <\/h6>\t\t<\/div>\n\t\t\t\t<\/div>\n\t\t\t\t<div class=\"elementor-element elementor-element-a7c5770 elementor-widget-divider--view-line elementor-widget elementor-widget-divider\" data-id=\"a7c5770\" data-element_type=\"widget\" data-widget_type=\"divider.default\">\n\t\t\t\t<div class=\"elementor-widget-container\">\n\t\t\t\t\t<div class=\"elementor-divider\">\n\t\t\t<span class=\"elementor-divider-separator\">\n\t\t\t\t\t\t<\/span>\n\t\t<\/div>\n\t\t\t\t<\/div>\n\t\t\t\t<\/div>\n\t\t\t\t<section class=\"elementor-section elementor-inner-section elementor-element elementor-element-f8f38f7 elementor-section-content-top elementor-section-boxed elementor-section-height-default elementor-section-height-default\" data-id=\"f8f38f7\" data-element_type=\"section\">\n\t\t\t\t\t\t<div class=\"elementor-container elementor-column-gap-no\">\n\t\t\t\t\t<div class=\"elementor-column elementor-col-50 elementor-inner-column elementor-element elementor-element-0baed08\" data-id=\"0baed08\" data-element_type=\"column\">\n\t\t\t<div class=\"elementor-widget-wrap elementor-element-populated\">\n\t\t\t\t\t\t\t\t<div class=\"elementor-element elementor-element-d14ad48 elementor-widget elementor-widget-image\" data-id=\"d14ad48\" data-element_type=\"widget\" data-widget_type=\"image.default\">\n\t\t\t\t<div class=\"elementor-widget-container\">\n\t\t\t<style>\/*! elementor - v3.18.0 - 04-12-2023 *\/\n.elementor-widget-image{text-align:center}.elementor-widget-image a{display:inline-block}.elementor-widget-image a img[src$=\".svg\"]{width:48px}.elementor-widget-image img{vertical-align:middle;display:inline-block}<\/style>\t\t\t\t\t\t\t\t\t\t\t\t\t<a href=\"https:\/\/plhlagence.fr\/index.php\/immobilier-neuf-toulouse-pau\/\">\n\t\t\t\t\t\t\t<img fetchpriority=\"high\" decoding=\"async\" width=\"2560\" height=\"1707\" src=\"https:\/\/plhlagence.fr\/wp-content\/uploads\/2022\/11\/TAA-0152-scaled.jpg\" class=\"attachment-full size-full wp-image-656\" alt=\"\" srcset=\"https:\/\/plhlagence.fr\/wp-content\/uploads\/2022\/11\/TAA-0152-scaled.jpg 2560w, https:\/\/plhlagence.fr\/wp-content\/uploads\/2022\/11\/TAA-0152-300x200.jpg 300w, https:\/\/plhlagence.fr\/wp-content\/uploads\/2022\/11\/TAA-0152-1024x683.jpg 1024w, https:\/\/plhlagence.fr\/wp-content\/uploads\/2022\/11\/TAA-0152-768x512.jpg 768w, https:\/\/plhlagence.fr\/wp-content\/uploads\/2022\/11\/TAA-0152-1536x1024.jpg 1536w, https:\/\/plhlagence.fr\/wp-content\/uploads\/2022\/11\/TAA-0152-2048x1365.jpg 2048w\" sizes=\"(max-width: 2560px) 100vw, 2560px\" \/>\t\t\t\t\t\t\t\t<\/a>\n\t\t\t\t\t\t\t\t\t\t\t\t\t\t\t<\/div>\n\t\t\t\t<\/div>\n\t\t\t\t<div class=\"elementor-element elementor-element-d5322e1 elementor-widget elementor-widget-heading\" data-id=\"d5322e1\" data-element_type=\"widget\" data-widget_type=\"heading.default\">\n\t\t\t\t<div class=\"elementor-widget-container\">\n\t\t\t<h6 class=\"elementor-heading-title elementor-size-default\"><a href=\"https:\/\/plhlagence.fr\/index.php\/immobilier-neuf-toulouse-pau\/\">IMMOBILIER NEUF<\/a><\/h6>\t\t<\/div>\n\t\t\t\t<\/div>\n\t\t\t\t\t<\/div>\n\t\t<\/div>\n\t\t\t\t<div class=\"elementor-column elementor-col-50 elementor-inner-column elementor-element elementor-element-bc8311a\" data-id=\"bc8311a\" data-element_type=\"column\">\n\t\t\t<div class=\"elementor-widget-wrap elementor-element-populated\">\n\t\t\t\t\t\t\t\t<div class=\"elementor-element elementor-element-527cce4 elementor-widget elementor-widget-image\" data-id=\"527cce4\" data-element_type=\"widget\" data-widget_type=\"image.default\">\n\t\t\t\t<div class=\"elementor-widget-container\">\n\t\t\t\t\t\t\t\t\t\t\t\t\t\t\t\t<a href=\"https:\/\/plhlagence.fr\/index.php\/vente-appartements-maisons-anciens-toulouse-pau\/\">\n\t\t\t\t\t\t\t<img decoding=\"async\" width=\"1280\" height=\"847\" src=\"https:\/\/plhlagence.fr\/wp-content\/uploads\/2022\/11\/living-room-couch-interior-2732939.jpg\" class=\"attachment-full size-full wp-image-506\" alt=\"living room, couch, interior-2732939.jpg\" srcset=\"https:\/\/plhlagence.fr\/wp-content\/uploads\/2022\/11\/living-room-couch-interior-2732939.jpg 1280w, https:\/\/plhlagence.fr\/wp-content\/uploads\/2022\/11\/living-room-couch-interior-2732939-300x199.jpg 300w, https:\/\/plhlagence.fr\/wp-content\/uploads\/2022\/11\/living-room-couch-interior-2732939-1024x678.jpg 1024w, https:\/\/plhlagence.fr\/wp-content\/uploads\/2022\/11\/living-room-couch-interior-2732939-768x508.jpg 768w\" sizes=\"(max-width: 1280px) 100vw, 1280px\" \/>\t\t\t\t\t\t\t\t<\/a>\n\t\t\t\t\t\t\t\t\t\t\t\t\t\t\t<\/div>\n\t\t\t\t<\/div>\n\t\t\t\t<div class=\"elementor-element elementor-element-e5347a1 elementor-widget elementor-widget-heading\" data-id=\"e5347a1\" data-element_type=\"widget\" data-widget_type=\"heading.default\">\n\t\t\t\t<div class=\"elementor-widget-container\">\n\t\t\t<h6 class=\"elementor-heading-title elementor-size-default\"><a href=\"https:\/\/plhlagence.fr\/index.php\/vente-appartements-maisons-anciens-toulouse-pau\/\">IMMOBILIER ANCIEN<\/a><\/h6>\t\t<\/div>\n\t\t\t\t<\/div>\n\t\t\t\t\t<\/div>\n\t\t<\/div>\n\t\t\t\t\t\t\t<\/div>\n\t\t<\/section>\n\t\t\t\t\t<\/div>\n\t\t<\/div>\n\t\t\t\t\t\t\t<\/div>\n\t\t<\/section>\n\t\t\t\t\t\t\t<\/div>\n\t\t","protected":false},"excerpt":{"rendered":"<p>Biens \u00e0 la vente Nos biens \u00e0 la vente IMMOBILIER NEUF IMMOBILIER ANCIEN<\/p>\n","protected":false},"author":1,"featured_media":0,"parent":0,"menu_order":0,"comment_status":"closed","ping_status":"closed","template":"","meta":{"site-sidebar-layout":"no-sidebar","site-content-layout":"page-builder","ast-site-content-layout":"","site-content-style":"default","site-sidebar-style":"default","ast-global-header-display":"","ast-banner-title-visibility":"","ast-main-header-display":"","ast-hfb-above-header-display":"","ast-hfb-below-header-display":"","ast-hfb-mobile-header-display":"","site-post-title":"disabled","ast-breadcrumbs-content":"disabled","ast-featured-img":"disabled","footer-sml-layout":"","theme-transparent-header-meta":"enabled","adv-header-id-meta":"","stick-header-meta":"","header-above-stick-meta":"","header-main-stick-meta":"","header-below-stick-meta":"","astra-migrate-meta-layouts":"","ast-page-background-enabled":"default","ast-page-background-meta":{"desktop":{"background-color":"","background-image":"","background-repeat":"repeat","background-position":"center center","background-size":"auto","background-attachment":"scroll","background-type":"","background-media":"","overlay-type":"","overlay-color":"","overlay-gradient":""},"tablet":{"background-color":"","background-image":"","background-repeat":"repeat","background-position":"center center","background-size":"auto","background-attachment":"scroll","background-type":"","background-media":"","overlay-type":"","overlay-color":"","overlay-gradient":""},"mobile":{"background-color":"","background-image":"","background-repeat":"repeat","background-position":"center center","background-size":"auto","background-attachment":"scroll","background-type":"","background-media":"","overlay-type":"","overlay-color":"","overlay-gradient":""}},"ast-content-background-meta":{"desktop":{"background-color":"var(--ast-global-color-5)","background-image":"","background-repeat":"repeat","background-position":"center center","background-size":"auto","background-attachment":"scroll","background-type":"","background-media":"","overlay-type":"","overlay-color":"","overlay-gradient":""},"tablet":{"background-color":"var(--ast-global-color-5)","background-image":"","background-repeat":"repeat","background-position":"center center","background-size":"auto","background-attachment":"scroll","background-type":"","background-media":"","overlay-type":"","overlay-color":"","overlay-gradient":""},"mobile":{"background-color":"var(--ast-global-color-5)","background-image":"","background-repeat":"repeat","background-position":"center center","background-size":"auto","background-attachment":"scroll","background-type":"","background-media":"","overlay-type":"","overlay-color":"","overlay-gradient":""}},"footnotes":""},"class_list":["post-649","page","type-page","status-publish","hentry"],"yoast_head":"<!-- This site is optimized with the Yoast SEO plugin v27.6 - https:\/\/yoast.com\/product\/yoast-seo-wordpress\/ -->\n<title>Vente d&#039;appartements et maisons \u00e0 Toulouse et Pau - PLH l&#039;Agence<\/title>\n<meta name=\"description\" content=\"Vous souhaitez acheter une maison ou un appartement sur la r\u00e9gion de Toulouse ou la r\u00e9gion de Pau ? D\u00e9couvrez nos biens \u00e0 la vente.\" \/>\n<meta name=\"robots\" content=\"index, follow, max-snippet:-1, max-image-preview:large, max-video-preview:-1\" \/>\n<link rel=\"canonical\" href=\"https:\/\/plhlagence.fr\/index.php\/vente-biens-immobiliers-toulouse-pau-neufs-et-anciens\/\" \/>\n<meta property=\"og:locale\" content=\"fr_FR\" \/>\n<meta property=\"og:type\" content=\"article\" \/>\n<meta property=\"og:title\" content=\"Vente d&#039;appartements et maisons \u00e0 Toulouse et Pau - PLH l&#039;Agence\" \/>\n<meta property=\"og:description\" content=\"Vous souhaitez acheter une maison ou un appartement sur la r\u00e9gion de Toulouse ou la r\u00e9gion de Pau ? D\u00e9couvrez nos biens \u00e0 la vente.\" \/>\n<meta property=\"og:url\" content=\"https:\/\/plhlagence.fr\/index.php\/vente-biens-immobiliers-toulouse-pau-neufs-et-anciens\/\" \/>\n<meta property=\"og:site_name\" content=\"PLH l&#039;Agence\" \/>\n<meta property=\"article:modified_time\" content=\"2022-11-29T11:16:23+00:00\" \/>\n<meta property=\"og:image\" content=\"https:\/\/plhlagence.fr\/wp-content\/uploads\/2022\/11\/TAA-0152-scaled.jpg\" \/>\n<meta name=\"twitter:card\" content=\"summary_large_image\" \/>\n<meta name=\"twitter:label1\" content=\"Dur\u00e9e de lecture estim\u00e9e\" \/>\n\t<meta name=\"twitter:data1\" content=\"1 minute\" \/>\n<script type=\"application\/ld+json\" class=\"yoast-schema-graph\">{\"@context\":\"https:\\\/\\\/schema.org\",\"@graph\":[{\"@type\":\"WebPage\",\"@id\":\"https:\\\/\\\/plhlagence.fr\\\/index.php\\\/vente-biens-immobiliers-toulouse-pau-neufs-et-anciens\\\/\",\"url\":\"https:\\\/\\\/plhlagence.fr\\\/index.php\\\/vente-biens-immobiliers-toulouse-pau-neufs-et-anciens\\\/\",\"name\":\"Vente d'appartements et maisons \u00e0 Toulouse et Pau - PLH l'Agence\",\"isPartOf\":{\"@id\":\"https:\\\/\\\/plhlagence.fr\\\/#website\"},\"primaryImageOfPage\":{\"@id\":\"https:\\\/\\\/plhlagence.fr\\\/index.php\\\/vente-biens-immobiliers-toulouse-pau-neufs-et-anciens\\\/#primaryimage\"},\"image\":{\"@id\":\"https:\\\/\\\/plhlagence.fr\\\/index.php\\\/vente-biens-immobiliers-toulouse-pau-neufs-et-anciens\\\/#primaryimage\"},\"thumbnailUrl\":\"https:\\\/\\\/plhlagence.fr\\\/wp-content\\\/uploads\\\/2022\\\/11\\\/TAA-0152-scaled.jpg\",\"datePublished\":\"2022-11-29T10:33:06+00:00\",\"dateModified\":\"2022-11-29T11:16:23+00:00\",\"description\":\"Vous souhaitez acheter une maison ou un appartement sur la r\u00e9gion de Toulouse ou la r\u00e9gion de Pau ? D\u00e9couvrez nos biens \u00e0 la vente.\",\"breadcrumb\":{\"@id\":\"https:\\\/\\\/plhlagence.fr\\\/index.php\\\/vente-biens-immobiliers-toulouse-pau-neufs-et-anciens\\\/#breadcrumb\"},\"inLanguage\":\"fr-FR\",\"potentialAction\":[{\"@type\":\"ReadAction\",\"target\":[\"https:\\\/\\\/plhlagence.fr\\\/index.php\\\/vente-biens-immobiliers-toulouse-pau-neufs-et-anciens\\\/\"]}]},{\"@type\":\"ImageObject\",\"inLanguage\":\"fr-FR\",\"@id\":\"https:\\\/\\\/plhlagence.fr\\\/index.php\\\/vente-biens-immobiliers-toulouse-pau-neufs-et-anciens\\\/#primaryimage\",\"url\":\"https:\\\/\\\/plhlagence.fr\\\/wp-content\\\/uploads\\\/2022\\\/11\\\/TAA-0152-scaled.jpg\",\"contentUrl\":\"https:\\\/\\\/plhlagence.fr\\\/wp-content\\\/uploads\\\/2022\\\/11\\\/TAA-0152-scaled.jpg\",\"width\":2560,\"height\":1707},{\"@type\":\"BreadcrumbList\",\"@id\":\"https:\\\/\\\/plhlagence.fr\\\/index.php\\\/vente-biens-immobiliers-toulouse-pau-neufs-et-anciens\\\/#breadcrumb\",\"itemListElement\":[{\"@type\":\"ListItem\",\"position\":1,\"name\":\"Accueil\",\"item\":\"https:\\\/\\\/plhlagence.fr\\\/\"},{\"@type\":\"ListItem\",\"position\":2,\"name\":\"Vente\"}]},{\"@type\":\"WebSite\",\"@id\":\"https:\\\/\\\/plhlagence.fr\\\/#website\",\"url\":\"https:\\\/\\\/plhlagence.fr\\\/\",\"name\":\"PLH l&#039;Agence\",\"description\":\"Agence Immobili\u00e8re \u00e0 Toulouse et Pau\",\"publisher\":{\"@id\":\"https:\\\/\\\/plhlagence.fr\\\/#organization\"},\"potentialAction\":[{\"@type\":\"SearchAction\",\"target\":{\"@type\":\"EntryPoint\",\"urlTemplate\":\"https:\\\/\\\/plhlagence.fr\\\/?s={search_term_string}\"},\"query-input\":{\"@type\":\"PropertyValueSpecification\",\"valueRequired\":true,\"valueName\":\"search_term_string\"}}],\"inLanguage\":\"fr-FR\"},{\"@type\":\"Organization\",\"@id\":\"https:\\\/\\\/plhlagence.fr\\\/#organization\",\"name\":\"PLH l&#039;Agence\",\"url\":\"https:\\\/\\\/plhlagence.fr\\\/\",\"logo\":{\"@type\":\"ImageObject\",\"inLanguage\":\"fr-FR\",\"@id\":\"https:\\\/\\\/plhlagence.fr\\\/#\\\/schema\\\/logo\\\/image\\\/\",\"url\":\"https:\\\/\\\/plhlagence.fr\\\/wp-content\\\/uploads\\\/2022\\\/11\\\/LOGO-PLH-IMMO-CMJN-2-01.png\",\"contentUrl\":\"https:\\\/\\\/plhlagence.fr\\\/wp-content\\\/uploads\\\/2022\\\/11\\\/LOGO-PLH-IMMO-CMJN-2-01.png\",\"width\":2127,\"height\":2127,\"caption\":\"PLH l&#039;Agence\"},\"image\":{\"@id\":\"https:\\\/\\\/plhlagence.fr\\\/#\\\/schema\\\/logo\\\/image\\\/\"}}]}<\/script>\n<!-- \/ Yoast SEO plugin. -->","yoast_head_json":{"title":"Vente d'appartements et maisons \u00e0 Toulouse et Pau - PLH l'Agence","description":"Vous souhaitez acheter une maison ou un appartement sur la r\u00e9gion de Toulouse ou la r\u00e9gion de Pau ? D\u00e9couvrez nos biens \u00e0 la vente.","robots":{"index":"index","follow":"follow","max-snippet":"max-snippet:-1","max-image-preview":"max-image-preview:large","max-video-preview":"max-video-preview:-1"},"canonical":"https:\/\/plhlagence.fr\/index.php\/vente-biens-immobiliers-toulouse-pau-neufs-et-anciens\/","og_locale":"fr_FR","og_type":"article","og_title":"Vente d'appartements et maisons \u00e0 Toulouse et Pau - PLH l'Agence","og_description":"Vous souhaitez acheter une maison ou un appartement sur la r\u00e9gion de Toulouse ou la r\u00e9gion de Pau ? D\u00e9couvrez nos biens \u00e0 la vente.","og_url":"https:\/\/plhlagence.fr\/index.php\/vente-biens-immobiliers-toulouse-pau-neufs-et-anciens\/","og_site_name":"PLH l&#039;Agence","article_modified_time":"2022-11-29T11:16:23+00:00","og_image":[{"url":"https:\/\/plhlagence.fr\/wp-content\/uploads\/2022\/11\/TAA-0152-scaled.jpg","type":"","width":"","height":""}],"twitter_card":"summary_large_image","twitter_misc":{"Dur\u00e9e de lecture estim\u00e9e":"1 minute"},"schema":{"@context":"https:\/\/schema.org","@graph":[{"@type":"WebPage","@id":"https:\/\/plhlagence.fr\/index.php\/vente-biens-immobiliers-toulouse-pau-neufs-et-anciens\/","url":"https:\/\/plhlagence.fr\/index.php\/vente-biens-immobiliers-toulouse-pau-neufs-et-anciens\/","name":"Vente d'appartements et maisons \u00e0 Toulouse et Pau - PLH l'Agence","isPartOf":{"@id":"https:\/\/plhlagence.fr\/#website"},"primaryImageOfPage":{"@id":"https:\/\/plhlagence.fr\/index.php\/vente-biens-immobiliers-toulouse-pau-neufs-et-anciens\/#primaryimage"},"image":{"@id":"https:\/\/plhlagence.fr\/index.php\/vente-biens-immobiliers-toulouse-pau-neufs-et-anciens\/#primaryimage"},"thumbnailUrl":"https:\/\/plhlagence.fr\/wp-content\/uploads\/2022\/11\/TAA-0152-scaled.jpg","datePublished":"2022-11-29T10:33:06+00:00","dateModified":"2022-11-29T11:16:23+00:00","description":"Vous souhaitez acheter une maison ou un appartement sur la r\u00e9gion de Toulouse ou la r\u00e9gion de Pau ? D\u00e9couvrez nos biens \u00e0 la vente.","breadcrumb":{"@id":"https:\/\/plhlagence.fr\/index.php\/vente-biens-immobiliers-toulouse-pau-neufs-et-anciens\/#breadcrumb"},"inLanguage":"fr-FR","potentialAction":[{"@type":"ReadAction","target":["https:\/\/plhlagence.fr\/index.php\/vente-biens-immobiliers-toulouse-pau-neufs-et-anciens\/"]}]},{"@type":"ImageObject","inLanguage":"fr-FR","@id":"https:\/\/plhlagence.fr\/index.php\/vente-biens-immobiliers-toulouse-pau-neufs-et-anciens\/#primaryimage","url":"https:\/\/plhlagence.fr\/wp-content\/uploads\/2022\/11\/TAA-0152-scaled.jpg","contentUrl":"https:\/\/plhlagence.fr\/wp-content\/uploads\/2022\/11\/TAA-0152-scaled.jpg","width":2560,"height":1707},{"@type":"BreadcrumbList","@id":"https:\/\/plhlagence.fr\/index.php\/vente-biens-immobiliers-toulouse-pau-neufs-et-anciens\/#breadcrumb","itemListElement":[{"@type":"ListItem","position":1,"name":"Accueil","item":"https:\/\/plhlagence.fr\/"},{"@type":"ListItem","position":2,"name":"Vente"}]},{"@type":"WebSite","@id":"https:\/\/plhlagence.fr\/#website","url":"https:\/\/plhlagence.fr\/","name":"PLH l&#039;Agence","description":"Agence Immobili\u00e8re \u00e0 Toulouse et Pau","publisher":{"@id":"https:\/\/plhlagence.fr\/#organization"},"potentialAction":[{"@type":"SearchAction","target":{"@type":"EntryPoint","urlTemplate":"https:\/\/plhlagence.fr\/?s={search_term_string}"},"query-input":{"@type":"PropertyValueSpecification","valueRequired":true,"valueName":"search_term_string"}}],"inLanguage":"fr-FR"},{"@type":"Organization","@id":"https:\/\/plhlagence.fr\/#organization","name":"PLH l&#039;Agence","url":"https:\/\/plhlagence.fr\/","logo":{"@type":"ImageObject","inLanguage":"fr-FR","@id":"https:\/\/plhlagence.fr\/#\/schema\/logo\/image\/","url":"https:\/\/plhlagence.fr\/wp-content\/uploads\/2022\/11\/LOGO-PLH-IMMO-CMJN-2-01.png","contentUrl":"https:\/\/plhlagence.fr\/wp-content\/uploads\/2022\/11\/LOGO-PLH-IMMO-CMJN-2-01.png","width":2127,"height":2127,"caption":"PLH l&#039;Agence"},"image":{"@id":"https:\/\/plhlagence.fr\/#\/schema\/logo\/image\/"}}]}},"_links":{"self":[{"href":"https:\/\/plhlagence.fr\/index.php\/wp-json\/wp\/v2\/pages\/649","targetHints":{"allow":["GET"]}}],"collection":[{"href":"https:\/\/plhlagence.fr\/index.php\/wp-json\/wp\/v2\/pages"}],"about":[{"href":"https:\/\/plhlagence.fr\/index.php\/wp-json\/wp\/v2\/types\/page"}],"author":[{"embeddable":true,"href":"https:\/\/plhlagence.fr\/index.php\/wp-json\/wp\/v2\/users\/1"}],"replies":[{"embeddable":true,"href":"https:\/\/plhlagence.fr\/index.php\/wp-json\/wp\/v2\/comments?post=649"}],"version-history":[{"count":0,"href":"https:\/\/plhlagence.fr\/index.php\/wp-json\/wp\/v2\/pages\/649\/revisions"}],"wp:attachment":[{"href":"https:\/\/plhlagence.fr\/index.php\/wp-json\/wp\/v2\/media?parent=649"}],"curies":[{"name":"wp","href":"https:\/\/api.w.org\/{rel}","templated":true}]}}